{"id":1583,"date":"2019-11-27T12:54:22","date_gmt":"2019-11-27T11:54:22","guid":{"rendered":"https:\/\/www.virgili.com\/cookies\/"},"modified":"2025-05-11T19:20:16","modified_gmt":"2025-05-11T17:20:16","slug":"cookies","status":"publish","type":"page","link":"https:\/\/www.virgili.com\/ca\/cookies\/","title":{"rendered":"Pol\u00edtica de cookies"},"content":{"rendered":"\n<div class=\"wp-block-group alignwide has-medium-font-size\"><div class=\"wp-block-group__inner-container is-layout-constrained wp-block-group-is-layout-constrained\">\n<h1 class=\"wp-block-heading has-large-font-size\">Pol\u00edtica de cookies<\/h1>\n\n\n\n<div style=\"height:6rem\" aria-hidden=\"true\" class=\"wp-block-spacer\"><\/div>\n\n\n\n<p class=\"has-medium-font-size\">Des de la nostra Web volem explicar-te que s\u00f3n les Cookies, perqu\u00e8 serveixen, la finalitat de les mateixes i com pots configurar-les o deshabilitar-les.<\/p>\n\n\n\n<p class=\"has-medium-font-size\"><a href=\"https:\/\/www.virgili.com\/ca\/\" target=\"_blank\" rel=\"noreferrer noopener\">www.virgili.com<\/a>, com altres p\u00e0gines web, utilitzen cookies&nbsp;pr\u00f2pies i de tercers&nbsp;per millorar la navegaci\u00f3 i proporcionar una correcta experi\u00e8ncia d\u2019usuari. Tamb\u00e9 ho fan per identificar els problemes t\u00e8cnics que puguin sorgir a la web, distingir-te d\u2019altres usuaris, i per oferir-te el servei que ens hagis sol\u00b7licitat. De la mateixa manera, en cas que donis el teu consentiment, es podran utilitzar cookies que ens permetin obtenir m\u00e9s informaci\u00f3 sobre les teves prefer\u00e8ncies. Tamb\u00e9 es podr\u00e0 personalitzar la p\u00e0gina d\u2019acord amb els teus interessos individuals, aix\u00ed com eventualment, obtenir informaci\u00f3 i mesurar l\u2019\u00fas que realitzes del lloc web. En compliment del que s\u2019estableix a l\u2019article 22.2 de la Llei 34\/2002, de l\u201911 de juliol, de serveis de la societat de la informaci\u00f3 i del comer\u00e7 electr\u00f2nic (LSSI), i segons el que disposa la Llei Org\u00e0nica 3\/2018, de 5 de desembre, de Protecci\u00f3 de dades personals i garantia dels drets digitals (LOPD), la present Pol\u00edtica de cookies t\u00e9 la finalitat d\u2019informar-te de forma clara, precisa i transparent sobre les cookies que s\u2019utilitzen a&nbsp;&nbsp;<a href=\"https:\/\/www.virgili.com\/ca\/\" target=\"_blank\" rel=\"noreferrer noopener\">www.virgili.com<\/a>.<\/p>\n\n\n\n<div style=\"height:6rem\" aria-hidden=\"true\" class=\"wp-block-spacer\"><\/div>\n\n\n\n<h2 class=\"wp-block-heading has-medium-font-size\"><strong>Qu\u00e8 \u00e9s una&nbsp;cookie?<\/strong><\/h2>\n\n\n\n<p class=\"has-medium-font-size\">Les Cookies s\u00f3n petits arxius de dades rebudes pel terminal des del lloc web visitat i s\u2019utilitzen per enregistrar certes interaccions de navegaci\u00f3 en un lloc web mitjan\u00e7ant l\u2019emmagatzematge de dades que pot ser actualitzat i es recupera. Aquests arxius s\u2019emmagatzemen a l\u2019ordinador de l\u2019usuari i contenen dades an\u00f2nimes que no s\u00f3n perjudicials pel sistema. S\u2019utilitzen per a recordar les prefer\u00e8ncies de l\u2019usuari, com ara l\u2019idioma seleccionat, les dades d\u2019acc\u00e9s o la p\u00e0gina de personalitzaci\u00f3.<\/p>\n\n\n\n<p class=\"has-medium-font-size\">Les Cookies s\u00f3n segures ja que nom\u00e9s poden emmagatzemar la informaci\u00f3 que es va posar en el seu lloc pel navegador, la qual cosa \u00e9s informaci\u00f3 que l\u2019usuari ha introdu\u00eft en el navegador o la que s\u2019inclou en la sol\u00b7licitud de p\u00e0gina. No poden executar codi i no es poden utilitzar per a accedir al seu ordinador.<\/p>\n\n\n\n<div style=\"height:6rem\" aria-hidden=\"true\" class=\"wp-block-spacer\"><\/div>\n\n\n\n<h2 class=\"wp-block-heading has-medium-font-size\"><strong>Tipus de cookies<\/strong><\/h2>\n\n\n\n<p class=\"has-medium-font-size\">En funci\u00f3 de qui les gestioni:<\/p>\n\n\n\n<ul class=\"wp-block-list has-medium-font-size\">\n<li class=\"has-medium-font-size\"><strong>Cookies pr\u00f2pies:<\/strong> s\u00f3n les enviades i gestionades per un equip o domini del propi editor de la web que s\u2019est\u00e0 visitant.<\/li>\n\n\n\n<li class=\"has-medium-font-size\"><strong>Cookies de tercers:<\/strong> s\u00f3n les enviades i gestionades per un tercer que no \u00e9s el propi editor de la web, quan procedeixen d\u2019un altre servidor. Com per exemple, les usades per xarxes socials, o per contingut extern com Google&nbsp;Maps.<\/li>\n<\/ul>\n\n\n\n<p class=\"has-medium-font-size\">En funci\u00f3 de la finalitat per a la qual es tractin les dades obtingudes d\u2019aquestes:<\/p>\n\n\n\n<ul class=\"wp-block-list has-medium-font-size\">\n<li class=\"has-medium-font-size\"><strong>Cookies t\u00e8cniques:<\/strong> permeten a l\u2019usuari la navegaci\u00f3 a trav\u00e9s d\u2019una p\u00e0gina web i la utilitzaci\u00f3 de les diferents opcions o serveis que en ella existeixin com, per exemple, controlar el tr\u00e0nsit, identificar la sessi\u00f3 de l\u2019usuari, accedir a parts d\u2019acc\u00e9s restringit, recordar els elements que integren una comanda, realitzar la sol\u00b7licitud d\u2019inscripci\u00f3 o participaci\u00f3 en un esdeveniment, utilitzar elements de seguretat durant la navegaci\u00f3, emmagatzemar continguts per a la difusi\u00f3 de v\u00eddeos o so o compartir continguts a trav\u00e9s de xarxes socials.<\/li>\n\n\n\n<li class=\"has-medium-font-size\"><strong>Cookies de personalitzaci\u00f3:<\/strong> S\u00f3n aquelles que li permeten accedir al servei amb unes caracter\u00edstiques predefinides en funci\u00f3 d\u2019una s\u00e8rie de criteris, com per exemple l\u2019idioma, el tipus de navegador a trav\u00e9s del qual s\u2019accedeix al servei, la configuraci\u00f3 regional des d\u2019on s\u2019accedeix al servei, etc.<\/li>\n\n\n\n<li class=\"has-medium-font-size\"><strong>Cookies d\u2019an\u00e0lisis<\/strong>: S\u00f3n aquelles que ens permeten quantificar el nombre d\u2019usuaris i aix\u00ed realitzar el mesurament i an\u00e0lisi estad\u00edstic de la utilitzaci\u00f3 que fan els usuaris dels serveis prestats i sobre la base d\u2019aix\u00f2 tamb\u00e9 aplicar millores de disseny i velocitat.<\/li>\n\n\n\n<li class=\"has-medium-font-size\"><strong>Cookies de publicitat comportamental:<\/strong> s\u00f3n aquelles que emmagatzemen informaci\u00f3 del comportament dels usuaris obtinguda a trav\u00e9s de l\u2019observaci\u00f3 continuada dels seus h\u00e0bits de navegaci\u00f3, la qual cosa permet desenvolupar un perfil espec\u00edfic per a mostrar publicitat en funci\u00f3 d\u2019aquest.<\/li>\n<\/ul>\n\n\n\n<p class=\"has-medium-font-size\">En funci\u00f3 de la caducitat:<\/p>\n\n\n\n<ul class=\"wp-block-list has-medium-font-size\">\n<li class=\"has-medium-font-size\"><strong>Cookies de sessi\u00f3:<\/strong> s\u00f3n Cookies temporals que romanen a l\u2019arxiu de Cookies del navegador fins que s\u2019abandona la p\u00e0gina web. Se sol utilitzar per a analitzar pautes de tr\u00e0nsit a la web. A la llarga, aix\u00f2 permet proporcionar una millor experi\u00e8ncia per a millorar el contingut i facilitar el seu \u00fas.<\/li>\n\n\n\n<li class=\"has-medium-font-size\"><strong>Cookies permanents:<\/strong> s\u00f3n emmagatzemades al terminal i la p\u00e0gina web les llegeix cada vegada que es realitza una nova visita. Malgrat el seu nom, una Cookie permanent posseeix una data d\u2019expiraci\u00f3 determinada. La&nbsp;Cookie&nbsp;deixar\u00e0 de funcionar despr\u00e9s d\u2019aquesta data que pot anar d\u2019uns minuts a diversos anys. S\u2019utilitzen, generalment, per a facilitar els diferents serveis que ofereixen les p\u00e0gines web.<\/li>\n<\/ul>\n\n\n\n<div style=\"height:6rem\" aria-hidden=\"true\" class=\"wp-block-spacer\"><\/div>\n\n\n\n<h2 class=\"wp-block-heading has-medium-font-size\"><strong>Cookies utilitzades<\/strong><\/h2>\n\n\n\n<p class=\"has-medium-font-size\">Aquest portal Web utilitza Cookies que s\u00f3n estrictament indispensables per a poder utilitzar el nostre lloc web i navegar lliurement, utilitzar les \u00e0rees de seguretat, opcions personalitzades, etc. No es recullen dades personals tret que vulgui registrar-se, de manera volunt\u00e0ria amb la finalitat de realitzar compres dels productes i serveis que posem a la seva disposici\u00f3 o de rebre informaci\u00f3 sobre promocions i continguts del seu inter\u00e8s previ consentiment.<\/p>\n\n\n\n<p class=\"has-medium-font-size\">No es cedeixen dades a tercers, no obstant , el nostre portal Web pot contenir enlla\u00e7os a llocs web de tercers, les pol\u00edtiques de privacitat dels quals s\u00f3n alienes a nosaltres. En accedir a tals llocs web pots decidir si acceptes les seves pol\u00edtiques de privacitat i de Cookies.<\/p>\n\n\n\n<p class=\"has-medium-font-size\">Tamb\u00e9 poden contenir enlla\u00e7os a Xarxes Socials (com Instagram o Linkedin). El nostre Portal Web no t\u00e9 control sobre les Cookies utilitzades per aquests llocs web externs. Per a m\u00e9s detalls sobre les Cookies de xarxes socials o les de llocs web no relacionats, et recomanem que revisis les seves pr\u00f2pies pol\u00edtiques de Cookies.<\/p>\n\n\n\n<div style=\"height:6rem\" aria-hidden=\"true\" class=\"wp-block-spacer\"><\/div>\n\n\n\n<h2 class=\"wp-block-heading has-medium-font-size\"><strong>Cookies utilitzades de tercers<\/strong><\/h2>\n\n\n\n<p class=\"has-medium-font-size\">_ga, __utma, __utmb, __utmc, __utmz, __utmv: Cookies associades a Google&nbsp;Analytics.<\/p>\n\n\n\n<p class=\"has-medium-font-size\">Permeten distingir els diferents usuaris de la web. Caduquen als dos anys.<\/p>\n\n\n\n<div style=\"height:6rem\" aria-hidden=\"true\" class=\"wp-block-spacer\"><\/div>\n\n\n\n<h2 class=\"wp-block-heading has-medium-font-size\"><strong>Configurar o deshabilitar cookies<\/strong><\/h2>\n\n\n\n<p class=\"has-medium-font-size\">Tots els navegadors d\u2019Internet permeten limitar el comportament d\u2019una&nbsp;Cookie&nbsp;o desactivar les Cookies dins de la configuraci\u00f3 o les opcions del navegador. Els passos per a fer-ho s\u00f3n diferents per a cada navegador, trobant-se instruccions en el men\u00fa d\u2019ajuda del seu navegador. En els seg\u00fcents enlla\u00e7os tens a la teva disposici\u00f3 tota la informaci\u00f3 per a configurar o deshabilitar les Cookies en cada navegador:<\/p>\n\n\n\n<ul class=\"wp-block-list has-medium-font-size\">\n<li class=\"has-medium-font-size\"><strong>Chrome: <\/strong><a href=\"http:\/\/support.google.com\/chrome\/bin\/answer.py?hl=ca&amp;answer=95647\">http:\/\/support.google.com\/chrome\/bin\/answer.py?hl=ca&amp;answer=95647<\/a><\/li>\n\n\n\n<li class=\"has-medium-font-size\"><strong>Firefox:<\/strong> <a href=\"https:\/\/support.mozilla.org\/ca\/kb\/activa-i-desactiva-les-galetes-que-les-pagines-web\">https:\/\/support.mozilla.org\/ca\/kb\/activa-i-desactiva-les-galetes-que-les-pagines-web<\/a><\/li>\n\n\n\n<li class=\"has-medium-font-size\"><strong>Edge:<\/strong> <a href=\"https:\/\/privacy.microsoft.com\/es-es\/windows-10-microsoft-edge-and-privacy\">https:\/\/privacy.microsoft.com\/es-es\/windows-10-microsoft-edge-and-privacy<\/a><\/li>\n\n\n\n<li class=\"has-medium-font-size\"><strong>Safari:<\/strong> <a href=\"https:\/\/support.apple.com\/kb\/PH21411?locale=es_ES&amp;viewlocale=es_ES\">https:\/\/support.apple.com\/kb\/PH21411?locale=es_ES&amp;viewlocale=es_ES<\/a><\/li>\n<\/ul>\n<\/div><\/div>\n","protected":false},"excerpt":{"rendered":"Pol\u00edtica de cookies Des de la nostra Web volem explicar-te que s\u00f3n les Cookies, perqu\u00e8 serveixen, la finalitat de les mateixes i com pots configurar-les o deshabilitar-les. www.virgili.com, com altres p\u00e0gines web, utilitzen cookies&nbsp;pr\u00f2pies i de tercers&nbsp;per millorar la navegaci\u00f3 i proporcionar una correcta experi\u00e8ncia d\u2019usuari. Tamb\u00e9 ho fan per identificar els problemes t\u00e8cnics que [&hellip;]","protected":false},"author":1,"featured_media":0,"parent":0,"menu_order":7,"comment_status":"closed","ping_status":"closed","template":"page-contact.php","meta":{"_acf_changed":false,"footnotes":""},"class_list":["post-1583","page","type-page","status-publish","hentry"],"acf":[],"_links":{"self":[{"href":"https:\/\/www.virgili.com\/ca\/wp-json\/wp\/v2\/pages\/1583","targetHints":{"allow":["GET"]}}],"collection":[{"href":"https:\/\/www.virgili.com\/ca\/wp-json\/wp\/v2\/pages"}],"about":[{"href":"https:\/\/www.virgili.com\/ca\/wp-json\/wp\/v2\/types\/page"}],"author":[{"embeddable":true,"href":"https:\/\/www.virgili.com\/ca\/wp-json\/wp\/v2\/users\/1"}],"replies":[{"embeddable":true,"href":"https:\/\/www.virgili.com\/ca\/wp-json\/wp\/v2\/comments?post=1583"}],"version-history":[{"count":0,"href":"https:\/\/www.virgili.com\/ca\/wp-json\/wp\/v2\/pages\/1583\/revisions"}],"wp:attachment":[{"href":"https:\/\/www.virgili.com\/ca\/wp-json\/wp\/v2\/media?parent=1583"}],"curies":[{"name":"wp","href":"https:\/\/api.w.org\/{rel}","templated":true}]}}