{"id":3953,"date":"2025-03-04T14:11:39","date_gmt":"2025-03-04T13:11:39","guid":{"rendered":"https:\/\/www.virgili.com\/privacy-policy-2\/"},"modified":"2025-04-15T11:28:52","modified_gmt":"2025-04-15T09:28:52","slug":"politica-de-privadesa","status":"publish","type":"page","link":"https:\/\/www.virgili.com\/ca\/politica-de-privadesa\/","title":{"rendered":"Pol\u00edtica de privadesa"},"content":{"rendered":"\n<div class=\"wp-block-group\"><div class=\"wp-block-group__inner-container is-layout-constrained wp-block-group-is-layout-constrained\">\n<h1 class=\"wp-block-heading has-large-font-size\">Pol\u00edtica de privadesa<\/h1>\n\n\n\n<div style=\"height:6rem\" aria-hidden=\"true\" class=\"wp-block-spacer\"><\/div>\n\n\n\n<p class=\"has-medium-font-size\">Segons el que estableix el RGPD (Reglament (UE) 2016\/679), els proporcionem la informaci\u00f3 detallada de Protecci\u00f3 de Dades que s&#8217;exposa a continuaci\u00f3:<\/p>\n\n\n\n<h2 class=\"wp-block-heading has-medium-font-size\"><strong>Responsable<\/strong><\/h2>\n\n\n\n<p class=\"has-medium-font-size\">Ra\u00f3 social: Estudi Virgili, S.L.U.<br>C.I.F.: B61360194.<br>Adre\u00e7a: Pg. Sant Joan 65, pral., 08009 Barcelona (Spain)<br>Correu electr\u00f2nic: <a href=\"mailto:mail@virgili.com\">mail@virgili.com<\/a><\/p>\n\n\n\n<div style=\"height:6rem\" aria-hidden=\"true\" class=\"wp-block-spacer\"><\/div>\n\n\n\n<h2 class=\"wp-block-heading has-medium-font-size\"><strong>Finalitat<\/strong><\/h2>\n\n\n\n<p class=\"has-medium-font-size\">T&#8217;informem que les dades de car\u00e0cter personal recollides, seran incorporades a un fitxer sota la nostra responsabilitat, amb la finalitat de gestionar l&#8217;enviament de la informaci\u00f3 que ens sol\u00b7licitin i facilitar als interessats ofertes de serveis del seu inter\u00e8s. Les dades proporcionades es conservaran mentre es mantingui la relaci\u00f3 comercial, durant els anys necessaris per complir amb les obligacions legals o fins que l\u2019interessat sol\u00b7liciti la seva supressi\u00f3.<\/p>\n\n\n\n<div style=\"height:6rem\" aria-hidden=\"true\" class=\"wp-block-spacer\"><\/div>\n\n\n\n<h2 class=\"wp-block-heading has-medium-font-size\"><strong>Legitimaci\u00f3<\/strong><\/h2>\n\n\n\n<p class=\"has-medium-font-size\">Les Dades de car\u00e0cter personal obtingudes en aquesta p\u00e0gina web, aix\u00ed com l&#8217;oferta de productes i serveis oferts, est\u00e0 basada en el consentiment que se li sol\u00b7licita a l&#8217;interessat.<\/p>\n\n\n\n<p class=\"has-medium-font-size\">L&#8217;interessat tindr\u00e0 dret a retirar el seu consentiment en qualsevol moment. La retirada del consentiment no afectar\u00e0 la licitud del tractament basada en el consentiment previ a la seva retirada.<\/p>\n\n\n\n<div style=\"height:6rem\" aria-hidden=\"true\" class=\"wp-block-spacer\"><\/div>\n\n\n\n<h2 class=\"wp-block-heading has-medium-font-size\"><strong>Destinataris<\/strong><\/h2>\n\n\n\n<p class=\"has-medium-font-size\">No se cediran dades a tercers, excepte obligaci\u00f3 legal.<\/p>\n\n\n\n<div style=\"height:6rem\" aria-hidden=\"true\" class=\"wp-block-spacer\"><\/div>\n\n\n\n<h2 class=\"wp-block-heading has-medium-font-size\"><strong>Drets<\/strong><\/h2>\n\n\n\n<p class=\"has-medium-font-size\">Com a interessat directe, tens dret a obtenir confirmaci\u00f3 sobre si a&nbsp;Estudi Virgili, S.L.U.&nbsp;estem tractant dades personals que el concerneixen, o no. Tens dret a accedir a les seves dades personals, aix\u00ed com a sol\u00b7licitar la rectificaci\u00f3 de les dades inexactes o, si s\u2019escau, a sol\u00b7licitar la seva supressi\u00f3 quan, entre d&#8217;altres motius, les dades ja no siguin necess\u00e0ries per als fins que van ser recollides. En determinades circumst\u00e0ncies, podr\u00e0s sol\u00b7licitar la limitaci\u00f3 del tractament de les seves dades, en aquest cas \u00fanicament les conservarem per a l&#8217;exercici o la defensa de reclamacions.<\/p>\n\n\n\n<p class=\"has-medium-font-size\">En determinades circumst\u00e0ncies i per motius relacionats amb la teva situaci\u00f3 particular, podr\u00e0s oposar-se al tractament de les seves dades.&nbsp;Estudi Virgili, S.L.U.&nbsp;deixar\u00e0 de tractar les dades, excepte per motius leg\u00edtims imperiosos, o l&#8217;exercici o la defensa de possibles reclamacions.<\/p>\n\n\n\n<p class=\"has-medium-font-size\">En determinades circumst\u00e0ncies, tindr\u00e0s dret a rebre les dades personals que t\u2019incumbeixin i que ens hagis facilitat, i trametre-les o sol\u00b7licitar que les proporcionem a un tercer sense objecci\u00f3 per la nostra part (dret a la portabilitat de dades).<\/p>\n\n\n\n<p class=\"has-medium-font-size\">En determinades circumst\u00e0ncies, t&#8217;informem que tens dret a no ser objecte d\u2019una decisi\u00f3 basada \u00fanicament en el tractament automatitzat, inclosa l&#8217;elaboraci\u00f3 de perfils, que produeixi efectes jur\u00eddics sobre tu o t\u2019afecti significativament de manera similar.<\/p>\n\n\n\n<p class=\"has-medium-font-size\">D&#8217;altra banda t\u2019informem que si consideres que s&#8217;ha com\u00e8s una infracci\u00f3 respecte al tractament de les teves dades personals, tens dret a presentar una reclamaci\u00f3 davant l&#8217;Autoritat de Control, l&#8217;Ag\u00e8ncia Espanyola de Protecci\u00f3 de Dades, C \/ Jorge Juan, 6, 28001 &#8211; Madrid.<\/p>\n<\/div><\/div>\n","protected":false},"excerpt":{"rendered":"Pol\u00edtica de privadesa Segons el que estableix el RGPD (Reglament (UE) 2016\/679), els proporcionem la informaci\u00f3 detallada de Protecci\u00f3 de Dades que s&#8217;exposa a continuaci\u00f3: Responsable Ra\u00f3 social: Estudi Virgili, S.L.U.C.I.F.: B61360194.Adre\u00e7a: Pg. Sant Joan 65, pral., 08009 Barcelona (Spain)Correu electr\u00f2nic: mail@virgili.com Finalitat T&#8217;informem que les dades de car\u00e0cter personal recollides, seran incorporades a un [&hellip;]","protected":false},"author":2,"featured_media":0,"parent":0,"menu_order":13,"comment_status":"closed","ping_status":"closed","template":"page-contact.php","meta":{"_acf_changed":false,"footnotes":""},"class_list":["post-3953","page","type-page","status-publish","hentry"],"acf":[],"_links":{"self":[{"href":"https:\/\/www.virgili.com\/ca\/wp-json\/wp\/v2\/pages\/3953","targetHints":{"allow":["GET"]}}],"collection":[{"href":"https:\/\/www.virgili.com\/ca\/wp-json\/wp\/v2\/pages"}],"about":[{"href":"https:\/\/www.virgili.com\/ca\/wp-json\/wp\/v2\/types\/page"}],"author":[{"embeddable":true,"href":"https:\/\/www.virgili.com\/ca\/wp-json\/wp\/v2\/users\/2"}],"replies":[{"embeddable":true,"href":"https:\/\/www.virgili.com\/ca\/wp-json\/wp\/v2\/comments?post=3953"}],"version-history":[{"count":0,"href":"https:\/\/www.virgili.com\/ca\/wp-json\/wp\/v2\/pages\/3953\/revisions"}],"wp:attachment":[{"href":"https:\/\/www.virgili.com\/ca\/wp-json\/wp\/v2\/media?parent=3953"}],"curies":[{"name":"wp","href":"https:\/\/api.w.org\/{rel}","templated":true}]}}