{"id":548,"date":"2019-07-15T11:19:44","date_gmt":"2019-07-15T09:19:44","guid":{"rendered":"https:\/\/www.virgili.com\/about-us\/"},"modified":"2025-09-02T10:42:20","modified_gmt":"2025-09-02T08:42:20","slug":"equip","status":"publish","type":"page","link":"https:\/\/www.virgili.com\/ca\/equip\/","title":{"rendered":"Equip"},"content":{"rendered":"\n<div class=\"entry-header flex wp-block-aperture alignwide\">\n\t<div class=\"column\">\n\t\t\t\t<h2 class=\"entry-subtitle\">Som virgili.<\/h2>\t\t\n\n\t\t\t<\/div>\n  <div class=\"column\">\n    <p>Som virgili. un estudi de disseny gr\u00e0fic especialitzat en comunicaci\u00f3 global i solucions creatives. Fem branding: creem, posicionem i acompanyem marques perqu\u00e8 siguin notables. Ens apassiona la identitat, el packaging, el disseny editorial, la senyalitzaci\u00f3 i els esdeveniments esportius.<\/p>\n<p>Creiem en el concepte que dona sentit a la forma, en les idees poderoses capaces d\u2019explicar-se a trav\u00e9s de diferents mitjans, formats i suports. La nostra manera de fer est\u00e0 marcada per una llarga experi\u00e8ncia i capacitat d\u2019adaptabilitat.<\/p>\n<p>Fem equip amb els nostres clients i creem serveis a mida de les seves necessitats, som professionals rigorosos i meticulosos, propers i honestos; amb la complicitat dels nostres col\u00b7laboradors habituals ens fem grans, sumem talent i habilitats quan els projectes ho demanen.<\/p>\n<p>Som al centre de Barcelona, sempre oberts a nous reptes al ritme d&#8217;un m\u00f3n canviant. Som vocaci\u00f3, talent i esfor\u00e7. Som virgili.<\/p>\n\t<\/div>\n<\/div>\n\n\n\n<div id=\"doubleimage-block_07ccbd9d05cf1452d29050043d691f12\" class=\"wp-block-image double-image \">\n  <div class=\"entry-image\">\n        <img decoding=\"async\" class=\"img-responsive\" src=\"https:\/\/www.virgili.com\/wp-content\/uploads\/2025\/03\/VIRGILI_Equip_01.jpg\" \/>\n      <\/div>\n  <div class=\"entry-image\">\n        <img decoding=\"async\" class=\"img-responsive\" src=\"https:\/\/www.virgili.com\/wp-content\/uploads\/2025\/03\/VIRGILI_Equip_02.jpg\" \/>\n      <\/div>\n<\/div>\n\n\n\n<div class=\"entry-header flex wp-block-aperture alignwide\">\n\t<div class=\"column\">\n\t\t\t\t<h2 class=\"entry-subtitle\">Aprenem ensenyant<\/h2>\t\t\n\n\t\t\t\t<br \/>\n\t\t<br \/>\n\t\t<br \/>\n\t\t<img decoding=\"async\" src=\"https:\/\/www.virgili.com\/wp-content\/uploads\/2025\/07\/Logo_ELISAVA-2.svg\" width=\"50%\" height=\"auto\" \/>\n\t\t\t<\/div>\n  <div class=\"column\">\n    <p>A virgili. entenem la doc\u00e8ncia no nom\u00e9s com un exercici de transmissi\u00f3 de coneixement, sin\u00f3 com una via per connectar amb les noves generacions, renovar perspectives i mantenir-se en evoluci\u00f3 constant. Per a Guillem Virgili, ensenyar forma part del seu comprom\u00eds amb el disseny i la creativitat com a motor de canvi.<\/p>\n<p>Des de fa m\u00e9s d\u2019una d\u00e8cada, Guillem Virgili col\u00b7labora amb Elisava, Facultat de Disseny i Enginyeria de Barcelona, on exerceix com a docent en l\u2019\u00e0mbit del Design Management, el disseny de packaging i la comunicaci\u00f3 visual. La seva participaci\u00f3 activa en m\u00e0sters, tallers i actes acad\u00e8mics li permet aportar una visi\u00f3 estrat\u00e8gica i professional als futurs dissenyadors, alhora que es nodreix de l\u2019entusiasme i el talent emergent de l\u2019aula.<\/p>\n<p>Cada intervenci\u00f3, cada conversa a classe, \u00e9s una oportunitat per cr\u00e9ixer, inspirar i ser inspirat. Aquesta energia acad\u00e8mica i col\u00b7laborativa es trasllada tamb\u00e9 al nostre dia a dia a virgili. on creiem en el disseny com una disciplina viva, en di\u00e0leg constant amb la realitat.<\/p>\n\t<\/div>\n<\/div>\n\n\n\n<div id=\"doubleimage-block_2e7437416c756e4d20f4261d9a852736\" class=\"wp-block-image double-image \">\n  <div class=\"entry-image\">\n        <img decoding=\"async\" class=\"img-responsive\" src=\"https:\/\/www.virgili.com\/wp-content\/uploads\/2021\/01\/EV_About_Us_01.jpg\" \/>\n      <\/div>\n  <div class=\"entry-image\">\n        <img decoding=\"async\" class=\"img-responsive\" src=\"https:\/\/www.virgili.com\/wp-content\/uploads\/2025\/07\/EV_About_Us_02.jpg\" \/>\n      <\/div>\n<\/div>\n\n\n\n<div id=\"doubleimage-block_0c85457c34e8dc87e095ecd683d990c3\" class=\"wp-block-image double-image \">\n  <div class=\"entry-image\">\n        <img decoding=\"async\" class=\"img-responsive\" src=\"https:\/\/www.virgili.com\/wp-content\/uploads\/2021\/01\/EV_About_Us_03.jpg\" \/>\n      <\/div>\n  <div class=\"entry-image\">\n        <img decoding=\"async\" class=\"img-responsive\" src=\"https:\/\/www.virgili.com\/wp-content\/uploads\/2025\/07\/EV_About_Us_04.jpg\" \/>\n      <\/div>\n<\/div>\n\n\n\n<div id=\"doubleimage-block_ccf3421c5c438d2813cb3fdff553967b\" class=\"wp-block-image double-image \">\n  <div class=\"entry-image\">\n        <img decoding=\"async\" class=\"img-responsive\" src=\"https:\/\/www.virgili.com\/wp-content\/uploads\/2025\/07\/EV_About_Us_05.jpg\" \/>\n      <\/div>\n  <div class=\"entry-image\">\n        <img decoding=\"async\" class=\"img-responsive\" src=\"https:\/\/www.virgili.com\/wp-content\/uploads\/2025\/07\/EV_About_Us_06.jpg\" \/>\n      <\/div>\n<\/div>\n","protected":false},"excerpt":{"rendered":"","protected":false},"author":1,"featured_media":0,"parent":0,"menu_order":2,"comment_status":"closed","ping_status":"closed","template":"","meta":{"_acf_changed":false,"footnotes":""},"class_list":["post-548","page","type-page","status-publish","hentry"],"acf":[],"_links":{"self":[{"href":"https:\/\/www.virgili.com\/ca\/wp-json\/wp\/v2\/pages\/548","targetHints":{"allow":["GET"]}}],"collection":[{"href":"https:\/\/www.virgili.com\/ca\/wp-json\/wp\/v2\/pages"}],"about":[{"href":"https:\/\/www.virgili.com\/ca\/wp-json\/wp\/v2\/types\/page"}],"author":[{"embeddable":true,"href":"https:\/\/www.virgili.com\/ca\/wp-json\/wp\/v2\/users\/1"}],"replies":[{"embeddable":true,"href":"https:\/\/www.virgili.com\/ca\/wp-json\/wp\/v2\/comments?post=548"}],"version-history":[{"count":0,"href":"https:\/\/www.virgili.com\/ca\/wp-json\/wp\/v2\/pages\/548\/revisions"}],"wp:attachment":[{"href":"https:\/\/www.virgili.com\/ca\/wp-json\/wp\/v2\/media?parent=548"}],"curies":[{"name":"wp","href":"https:\/\/api.w.org\/{rel}","templated":true}]}}